{"id":460,"date":"2018-12-12T16:59:50","date_gmt":"2018-12-12T15:59:50","guid":{"rendered":"http:\/\/lejolylabo.fr\/?page_id=460"},"modified":"2019-12-17T15:41:38","modified_gmt":"2019-12-17T14:41:38","slug":"livres","status":"publish","type":"page","link":"http:\/\/lejolylabo.fr\/traiteur\/livres\/","title":{"rendered":"LIVRES"},"content":{"rendered":"<p>Retrouvez tous les livres de notre cheffe, Jennifer Joly aux \u00e9ditions Marabout !<\/p>\n<p>Vous pouvez les commander en ligne <a href=\"https:\/\/www.marabout.com\/symbole-cake-9782501142175\">ici<\/a> ou acheter un <a href=\"http:\/\/lejolylabo.fr\/2018\/12\/12\/noel-2019\/contactez-nous\/\">exemplaire d\u00e9dicac\u00e9<\/a> (\u00e0 retirer \u00e0 l'atelier de Saint-Maur 94).<\/p>\n<p><a href=\"http:\/\/lejolylabo.fr\/wp-content\/uploads\/2019\/12\/Symbole-cake.jpg\"><img loading=\"lazy\" class=\"alignnone  wp-image-670\" src=\"http:\/\/lejolylabo.fr\/wp-content\/uploads\/2019\/12\/Symbole-cake-300x300.jpg\" alt=\"\" width=\"498\" height=\"498\" srcset=\"http:\/\/lejolylabo.fr\/wp-content\/uploads\/2019\/12\/Symbole-cake-300x300.jpg 300w, http:\/\/lejolylabo.fr\/wp-content\/uploads\/2019\/12\/Symbole-cake-150x150.jpg 150w, http:\/\/lejolylabo.fr\/wp-content\/uploads\/2019\/12\/Symbole-cake.jpg 340w\" sizes=\"(max-width: 498px) 100vw, 498px\" \/><\/a><\/p>\n<p><a href=\"https:\/\/www.marabout.com\/number-cake-9782501136419\" target=\"_blank\" rel=\"attachment noopener wp-att-468 noreferrer\"><img loading=\"lazy\" class=\"alignnone wp-image-468\" src=\"http:\/\/lejolylabo.fr\/wp-content\/uploads\/2018\/12\/couv1-NUMBERCAKE-300x297.jpg\" alt=\"couv1 NUMBERCAKE\" width=\"500\" height=\"495\" srcset=\"http:\/\/lejolylabo.fr\/wp-content\/uploads\/2018\/12\/couv1-NUMBERCAKE-300x297.jpg 300w, http:\/\/lejolylabo.fr\/wp-content\/uploads\/2018\/12\/couv1-NUMBERCAKE-150x150.jpg 150w, http:\/\/lejolylabo.fr\/wp-content\/uploads\/2018\/12\/couv1-NUMBERCAKE-768x761.jpg 768w, http:\/\/lejolylabo.fr\/wp-content\/uploads\/2018\/12\/couv1-NUMBERCAKE.jpg 844w\" sizes=\"(max-width: 500px) 100vw, 500px\" \/><\/a><a href=\"https:\/\/www.marabout.com\/super-facile-thermocuiseur-legumes-9782501129282\" target=\"_blank\" rel=\"attachment noopener wp-att-469 noreferrer\"><img loading=\"lazy\" class=\"alignnone wp-image-469\" src=\"http:\/\/lejolylabo.fr\/wp-content\/uploads\/2018\/12\/LEGUMES-COUV-231x300.jpg\" alt=\"LEGUMES COUV\" width=\"400\" height=\"519\" srcset=\"http:\/\/lejolylabo.fr\/wp-content\/uploads\/2018\/12\/LEGUMES-COUV-231x300.jpg 231w, http:\/\/lejolylabo.fr\/wp-content\/uploads\/2018\/12\/LEGUMES-COUV.jpg 677w\" sizes=\"(max-width: 400px) 100vw, 400px\" \/><\/a><a href=\"https:\/\/www.marabout.com\/super-facile-thermocuiseur-soupes-9782501129565\" target=\"_blank\" rel=\"attachment noopener wp-att-472 noreferrer\"><img loading=\"lazy\" class=\"alignnone wp-image-472\" src=\"http:\/\/lejolylabo.fr\/wp-content\/uploads\/2018\/12\/SOUPE-COUV-copie-230x300.jpg\" alt=\"SOUPE COUV copie\" width=\"401\" height=\"523\" srcset=\"http:\/\/lejolylabo.fr\/wp-content\/uploads\/2018\/12\/SOUPE-COUV-copie-230x300.jpg 230w, http:\/\/lejolylabo.fr\/wp-content\/uploads\/2018\/12\/SOUPE-COUV-copie.jpg 626w\" sizes=\"(max-width: 401px) 100vw, 401px\" \/><\/a><\/p>\n","protected":false},"excerpt":{"rendered":"<p>Retrouvez tous les livres de notre cheffe, Jennifer Joly aux \u00e9ditions Marabout ! Vous pouvez les commander en ligne ici ou acheter un exemplaire d\u00e9dicac\u00e9 (\u00e0 retirer \u00e0 l'atelier de Saint-Maur 94).<\/p>\n","protected":false},"author":1,"featured_media":0,"parent":0,"menu_order":0,"comment_status":"closed","ping_status":"closed","template":"","meta":{"spay_email":""},"jetpack_sharing_enabled":true,"jetpack_shortlink":"https:\/\/wp.me\/P7bBaR-7q","_links":{"self":[{"href":"http:\/\/lejolylabo.fr\/traiteur\/wp-json\/wp\/v2\/pages\/460"}],"collection":[{"href":"http:\/\/lejolylabo.fr\/traiteur\/wp-json\/wp\/v2\/pages"}],"about":[{"href":"http:\/\/lejolylabo.fr\/traiteur\/wp-json\/wp\/v2\/types\/page"}],"author":[{"embeddable":true,"href":"http:\/\/lejolylabo.fr\/traiteur\/wp-json\/wp\/v2\/users\/1"}],"replies":[{"embeddable":true,"href":"http:\/\/lejolylabo.fr\/traiteur\/wp-json\/wp\/v2\/comments?post=460"}],"version-history":[{"count":7,"href":"http:\/\/lejolylabo.fr\/traiteur\/wp-json\/wp\/v2\/pages\/460\/revisions"}],"predecessor-version":[{"id":671,"href":"http:\/\/lejolylabo.fr\/traiteur\/wp-json\/wp\/v2\/pages\/460\/revisions\/671"}],"wp:attachment":[{"href":"http:\/\/lejolylabo.fr\/traiteur\/wp-json\/wp\/v2\/media?parent=460"}],"curies":[{"name":"wp","href":"https:\/\/api.w.org\/{rel}","templated":true}]}}